{"id":9,"date":"2026-01-11T16:17:23","date_gmt":"2026-01-11T16:17:23","guid":{"rendered":"https:\/\/pga-solutions.be\/?page_id=9"},"modified":"2026-01-11T21:53:39","modified_gmt":"2026-01-11T21:53:39","slug":"accueil-2","status":"publish","type":"page","link":"https:\/\/pga-solutions.be\/","title":{"rendered":"ACCUEIL"},"content":{"rendered":"\n<div class=\"wp-block-buttons is-layout-flex wp-block-buttons-is-layout-flex\">\n<div class=\"wp-block-button\"><a class=\"wp-block-button__link wp-element-button\" href=\"https:\/\/pga-solutions.be\/\">\ud83c\uddeb\ud83c\uddf7 Fran\u00e7ais<\/a><\/div>\n\n\n\n<div class=\"wp-block-button\"><a class=\"wp-block-button__link wp-element-button\" href=\"https:\/\/pga-solutions.be\/?page_id=26&amp;lang=nl\">\ud83c\uddf3\ud83c\uddf1 Nederlands<\/a><\/div>\n<\/div>\n\n\n\n<div class=\"wp-block-buttons is-layout-flex wp-block-buttons-is-layout-flex\">\n<div class=\"wp-block-button is-style-fill\"><a class=\"wp-block-button__link wp-element-button\" href=\"tel:+32472295338\">Appelez maintenant<\/a><\/div>\n<\/div>\n\n\n\n<h3 class=\"wp-block-heading\">Services professionnels HVAC &amp; Sanitaires en Belgique<\/h3>\n\n\n\n<p>Nous offrons des services professionnels de <strong>HVAC et installations sanitaires<\/strong> \u00e0 Bruxelles ,en Wallonie et en Flandre.<br>Qualit\u00e9, s\u00e9rieux et respect des normes belges.<\/p>\n\n\n\n<p>\ud83d\udcde <strong>Contactez-nous d\u00e8s maintenant pour un devis gratuit.<\/strong><\/p>\n\n\n\n<p><\/p>\n\n\n\n<p><\/p>\n\n\n\n<p><\/p>\n\n\n\n<p><\/p>\n\n\n\n<p><\/p>\n\n\n\n<p><\/p>\n\n\n\n<p><\/p>\n\n\n\n<p><\/p>\n\n\n\n<p><\/p>\n\n\n\n<p><\/p>\n","protected":false},"excerpt":{"rendered":"<p>Services professionnels HVAC &amp; Sanitaires en Belgique Nous offrons des services professionnels de HVAC et installations sanitaires \u00e0 Bruxelles ,en [&hellip;]<\/p>\n","protected":false},"author":1,"featured_media":0,"parent":0,"menu_order":0,"comment_status":"closed","ping_status":"closed","template":"","meta":{"site-sidebar-layout":"default","site-content-layout":"","ast-site-content-layout":"default","site-content-style":"default","site-sidebar-style":"default","ast-global-header-display":"","ast-banner-title-visibility":"","ast-main-header-display":"","ast-hfb-above-header-display":"","ast-hfb-below-header-display":"","ast-hfb-mobile-header-display":"","site-post-title":"","ast-breadcrumbs-content":"","ast-featured-img":"","footer-sml-layout":"","ast-disable-related-posts":"","theme-transparent-header-meta":"","adv-header-id-meta":"","stick-header-meta":"","header-above-stick-meta":"","header-main-stick-meta":"","header-below-stick-meta":"","astra-migrate-meta-layouts":"default","ast-page-background-enabled":"default","ast-page-background-meta":{"desktop":{"background-color":"var(--ast-global-color-5)","background-image":"","background-repeat":"repeat","background-position":"center center","background-size":"auto","background-attachment":"scroll","background-type":"","background-media":"","overlay-type":"","overlay-color":"","overlay-opacity":"","overlay-gradient":""},"tablet":{"background-color":"","background-image":"","background-repeat":"repeat","background-position":"center center","background-size":"auto","background-attachment":"scroll","background-type":"","background-media":"","overlay-type":"","overlay-color":"","overlay-opacity":"","overlay-gradient":""},"mobile":{"background-color":"","background-image":"","background-repeat":"repeat","background-position":"center center","background-size":"auto","background-attachment":"scroll","background-type":"","background-media":"","overlay-type":"","overlay-color":"","overlay-opacity":"","overlay-gradient":""}},"ast-content-background-meta":{"desktop":{"background-color":"var(--ast-global-color-4)","background-image":"","background-repeat":"repeat","background-position":"center center","background-size":"auto","background-attachment":"scroll","background-type":"","background-media":"","overlay-type":"","overlay-color":"","overlay-opacity":"","overlay-gradient":""},"tablet":{"background-color":"var(--ast-global-color-4)","background-image":"","background-repeat":"repeat","background-position":"center center","background-size":"auto","background-attachment":"scroll","background-type":"","background-media":"","overlay-type":"","overlay-color":"","overlay-opacity":"","overlay-gradient":""},"mobile":{"background-color":"var(--ast-global-color-4)","background-image":"","background-repeat":"repeat","background-position":"center center","background-size":"auto","background-attachment":"scroll","background-type":"","background-media":"","overlay-type":"","overlay-color":"","overlay-opacity":"","overlay-gradient":""}},"footnotes":""},"class_list":["post-9","page","type-page","status-publish","hentry"],"yoast_head":"<!-- This site is optimized with the Yoast SEO plugin v26.7 - https:\/\/yoast.com\/wordpress\/plugins\/seo\/ -->\n<title>ACCUEIL - PGA-Solutions.be<\/title>\n<meta name=\"robots\" content=\"index, follow, max-snippet:-1, max-image-preview:large, max-video-preview:-1\" \/>\n<link rel=\"canonical\" href=\"https:\/\/pga-solutions.be\/\" \/>\n<meta property=\"og:locale\" content=\"en_US\" \/>\n<meta property=\"og:type\" content=\"article\" \/>\n<meta property=\"og:title\" content=\"ACCUEIL - PGA-Solutions.be\" \/>\n<meta property=\"og:description\" content=\"Services professionnels HVAC &amp; Sanitaires en Belgique Nous offrons des services professionnels de HVAC et installations sanitaires \u00e0 Bruxelles ,en [&hellip;]\" \/>\n<meta property=\"og:url\" content=\"https:\/\/pga-solutions.be\/\" \/>\n<meta property=\"og:site_name\" content=\"PGA-Solutions.be\" \/>\n<meta property=\"article:modified_time\" content=\"2026-01-11T21:53:39+00:00\" \/>\n<meta name=\"twitter:card\" content=\"summary_large_image\" \/>\n<meta name=\"twitter:label1\" content=\"Est. reading time\" \/>\n\t<meta name=\"twitter:data1\" content=\"1 minute\" \/>\n<script type=\"application\/ld+json\" class=\"yoast-schema-graph\">{\"@context\":\"https:\/\/schema.org\",\"@graph\":[{\"@type\":\"WebPage\",\"@id\":\"https:\/\/pga-solutions.be\/\",\"url\":\"https:\/\/pga-solutions.be\/\",\"name\":\"ACCUEIL - PGA-Solutions.be\",\"isPartOf\":{\"@id\":\"https:\/\/pga-solutions.be\/#website\"},\"datePublished\":\"2026-01-11T16:17:23+00:00\",\"dateModified\":\"2026-01-11T21:53:39+00:00\",\"breadcrumb\":{\"@id\":\"https:\/\/pga-solutions.be\/#breadcrumb\"},\"inLanguage\":\"en-US\",\"potentialAction\":[{\"@type\":\"ReadAction\",\"target\":[\"https:\/\/pga-solutions.be\/\"]}]},{\"@type\":\"BreadcrumbList\",\"@id\":\"https:\/\/pga-solutions.be\/#breadcrumb\",\"itemListElement\":[{\"@type\":\"ListItem\",\"position\":1,\"name\":\"Home\",\"item\":\"https:\/\/pga-solutions.be\/\"},{\"@type\":\"ListItem\",\"position\":2,\"name\":\"ACCUEIL\"}]},{\"@type\":\"WebSite\",\"@id\":\"https:\/\/pga-solutions.be\/#website\",\"url\":\"https:\/\/pga-solutions.be\/\",\"name\":\"PGA-Solutions.be\",\"description\":\"\",\"potentialAction\":[{\"@type\":\"SearchAction\",\"target\":{\"@type\":\"EntryPoint\",\"urlTemplate\":\"https:\/\/pga-solutions.be\/?s={search_term_string}\"},\"query-input\":{\"@type\":\"PropertyValueSpecification\",\"valueRequired\":true,\"valueName\":\"search_term_string\"}}],\"inLanguage\":\"en-US\"}]}<\/script>\n<!-- \/ Yoast SEO plugin. -->","yoast_head_json":{"title":"ACCUEIL - PGA-Solutions.be","robots":{"index":"index","follow":"follow","max-snippet":"max-snippet:-1","max-image-preview":"max-image-preview:large","max-video-preview":"max-video-preview:-1"},"canonical":"https:\/\/pga-solutions.be\/","og_locale":"en_US","og_type":"article","og_title":"ACCUEIL - PGA-Solutions.be","og_description":"Services professionnels HVAC &amp; Sanitaires en Belgique Nous offrons des services professionnels de HVAC et installations sanitaires \u00e0 Bruxelles ,en [&hellip;]","og_url":"https:\/\/pga-solutions.be\/","og_site_name":"PGA-Solutions.be","article_modified_time":"2026-01-11T21:53:39+00:00","twitter_card":"summary_large_image","twitter_misc":{"Est. reading time":"1 minute"},"schema":{"@context":"https:\/\/schema.org","@graph":[{"@type":"WebPage","@id":"https:\/\/pga-solutions.be\/","url":"https:\/\/pga-solutions.be\/","name":"ACCUEIL - PGA-Solutions.be","isPartOf":{"@id":"https:\/\/pga-solutions.be\/#website"},"datePublished":"2026-01-11T16:17:23+00:00","dateModified":"2026-01-11T21:53:39+00:00","breadcrumb":{"@id":"https:\/\/pga-solutions.be\/#breadcrumb"},"inLanguage":"en-US","potentialAction":[{"@type":"ReadAction","target":["https:\/\/pga-solutions.be\/"]}]},{"@type":"BreadcrumbList","@id":"https:\/\/pga-solutions.be\/#breadcrumb","itemListElement":[{"@type":"ListItem","position":1,"name":"Home","item":"https:\/\/pga-solutions.be\/"},{"@type":"ListItem","position":2,"name":"ACCUEIL"}]},{"@type":"WebSite","@id":"https:\/\/pga-solutions.be\/#website","url":"https:\/\/pga-solutions.be\/","name":"PGA-Solutions.be","description":"","potentialAction":[{"@type":"SearchAction","target":{"@type":"EntryPoint","urlTemplate":"https:\/\/pga-solutions.be\/?s={search_term_string}"},"query-input":{"@type":"PropertyValueSpecification","valueRequired":true,"valueName":"search_term_string"}}],"inLanguage":"en-US"}]}},"_links":{"self":[{"href":"https:\/\/pga-solutions.be\/index.php?rest_route=\/wp\/v2\/pages\/9","targetHints":{"allow":["GET"]}}],"collection":[{"href":"https:\/\/pga-solutions.be\/index.php?rest_route=\/wp\/v2\/pages"}],"about":[{"href":"https:\/\/pga-solutions.be\/index.php?rest_route=\/wp\/v2\/types\/page"}],"author":[{"embeddable":true,"href":"https:\/\/pga-solutions.be\/index.php?rest_route=\/wp\/v2\/users\/1"}],"replies":[{"embeddable":true,"href":"https:\/\/pga-solutions.be\/index.php?rest_route=%2Fwp%2Fv2%2Fcomments&post=9"}],"version-history":[{"count":18,"href":"https:\/\/pga-solutions.be\/index.php?rest_route=\/wp\/v2\/pages\/9\/revisions"}],"predecessor-version":[{"id":123,"href":"https:\/\/pga-solutions.be\/index.php?rest_route=\/wp\/v2\/pages\/9\/revisions\/123"}],"wp:attachment":[{"href":"https:\/\/pga-solutions.be\/index.php?rest_route=%2Fwp%2Fv2%2Fmedia&parent=9"}],"curies":[{"name":"wp","href":"https:\/\/api.w.org\/{rel}","templated":true}]}}